{"id":1818,"date":"2019-11-11T09:43:44","date_gmt":"2019-11-11T09:43:44","guid":{"rendered":"http:\/\/okthemes.com\/lucia-vineyards-demo\/?page_id=1818"},"modified":"2023-10-18T13:15:11","modified_gmt":"2023-10-18T13:15:11","slug":"home","status":"publish","type":"page","link":"https:\/\/www.fliesenlegerbetrieb-blum.de\/","title":{"rendered":"Home"},"content":{"rendered":"<p>[vc_row equal_height=&#8220;yes&#8220; content_placement=&#8220;middle&#8220;][vc_column width=&#8220;1\/2&#8243; css=&#8220;.vc_custom_1579617745168{padding-top: 15% !important;padding-right: 15% !important;padding-bottom: 15% !important;padding-left: 15% !important;background-color: #2c2c2c !important;}&#8220;]\n\t<div class=\"title-subtitle-box  \" style=\" text-align: left;\">\n\t\t<h1 style=\" font-weight: normal;\" class=\"special-title\" >Willkommen<\/h1>\n\t\t<span class=\"subtitle\" style=\"\">auf der Webseite des Fliesenlegerbetriebs Blum!<\/span>\n\t\t<span class=\"gg-horizontal-line\"><\/span>\n\t\t<div class=\"box-description\"><p>Wir freuen uns, Ihnen unsere Kompetenz und Erfahrung im Bereich der Fliesenverlegung pr\u00e4sentieren zu d\u00fcrfen. Ob f\u00fcr Ihr Badezimmer, Ihre K\u00fcche oder Ihren Wohnbereich \u2013 wir bieten Ihnen eine hochwertige Arbeit und individuelle Beratung. Lassen Sie sich von uns inspirieren und \u00fcberzeugen Sie sich von unseren Referenzen. Wir freuen uns darauf, Ihr n\u00e4chstes Projekt gemeinsam zu verwirklichen!<\/p>\n<\/div>\n\t<\/div> [\/vc_column][vc_column width=&#8220;1\/2&#8243; add_reveal_effect=&#8220;yes&#8220; css=&#8220;.vc_custom_1697634777797{padding-top: 15% !important;padding-right: 15% !important;padding-bottom: 15% !important;padding-left: 15% !important;background-image: url(https:\/\/www.fliesenlegerbetrieb-blum.de\/wp-content\/uploads\/2023\/10\/IMG_2410.jpg?id=3909) !important;background-position: center !important;background-repeat: no-repeat !important;background-size: cover !important;}&#8220;][vc_empty_space height=&#8220;500px&#8220;][\/vc_column][\/vc_row][vc_row css=&#8220;.vc_custom_1579617851547{padding-top: 5% !important;padding-right: 10% !important;padding-bottom: 5% !important;padding-left: 10% !important;}&#8220;][vc_column]\n\t<blockquote  class=\"gg-vc-quote  remove_blockquotes font_size_large text-align-center vc_custom_1675243864893\">\n\tOb klassisch oder modern, wir finden gemeinsam mit Ihnen das passende Design f\u00fcr Ihre R\u00e4umlichkeiten.\n\t<\/blockquote>[\/vc_column][\/vc_row][vc_row gap=&#8220;15&#8243; equal_height=&#8220;yes&#8220; content_placement=&#8220;middle&#8220; css=&#8220;.vc_custom_1580288655077{margin-right: -15px !important;margin-left: -15px !important;}&#8220;][vc_column width=&#8220;1\/2&#8243; add_reveal_effect=&#8220;yes&#8220; css=&#8220;.vc_custom_1697634843816{margin-right: 15px !important;margin-left: 15px !important;padding-top: 10% !important;padding-right: 10% !important;padding-bottom: 10% !important;padding-left: 10% !important;background-image: url(https:\/\/www.fliesenlegerbetrieb-blum.de\/wp-content\/uploads\/2023\/10\/IMG_2797.jpg?id=3920) !important;background-position: center !important;background-repeat: no-repeat !important;background-size: cover !important;}&#8220;][vc_empty_space height=&#8220;500px&#8220;][\/vc_column][vc_column width=&#8220;1\/2&#8243; css=&#8220;.vc_custom_1678207425575{margin-right: 15px !important;margin-left: 15px !important;padding-top: 15% !important;padding-right: 15% !important;padding-bottom: 15% !important;padding-left: 15% !important;background-image: url(https:\/\/www.fliesenlegerbetrieb-blum.de\/wp-content\/uploads\/2023\/03\/patrick84__concrete_background_a04c5e6c-2aaf-4175-9964-88871aaf3cbc.png?id=3884) !important;background-position: center !important;background-repeat: no-repeat !important;background-size: cover !important;}&#8220;]\n\t<div class=\"title-subtitle-box  \" style=\" text-align: left;\">\n\t\t<h1 style=\" font-weight: normal;\" class=\"special-title\" >Unsere Referenzen<\/h1>\n\t\t<span class=\"subtitle\" style=\"\">Unsere zufriedenen Kunden sprechen f\u00fcr sich! Wir sind stolz darauf, immer wieder f\u00fcr unsere exzellente Arbeit und unser Engagement gelobt zu werden. Auf dieser Referenz-Seite m\u00f6chten wir Ihnen einen Einblick in einige unserer erfolgreich abgeschlossenen Projekte geben und zeigen, was unsere Kunden \u00fcber uns zu sagen haben.<\/span>\n\t<\/div> [\/vc_column][\/vc_row][vc_row][vc_column][vc_row_inner][vc_column_inner width=&#8220;1\/4&#8243;][\/vc_column_inner][vc_column_inner width=&#8220;1\/2&#8243;]\n\t<div class=\"title-subtitle-box  \" style=\" text-align: center;\">\n\t\t<h1 style=\" font-weight: normal;\" class=\"special-title\" >Verleihen Sie Ihrem Zuhause den letzten Schliff!<\/h1>\n\t\t<span class=\"subtitle\" style=\"\">Kontaktieren Sie uns jetzt f\u00fcr eine unverbindliche Beratung und ein Angebot, das Sie begeistern wird!<\/span><div class=\"gg-special-button-wrapper  special-button-align-left special-button-style-btn-primary\"><a class=\"btn btn-primary\" href=\"https:\/\/www.fliesenlegerbetrieb-blum.de\/?page_id=2065\" title=\"Kontakt\" target=\"_self\">Kontakt<\/a><\/div>\n\t<\/div> [\/vc_column_inner][vc_column_inner width=&#8220;1\/4&#8243;][\/vc_column_inner][\/vc_row_inner][\/vc_column][\/vc_row]<\/p>\n","protected":false},"excerpt":{"rendered":"<p>[vc_row equal_height=&#8220;yes&#8220; content_placement=&#8220;middle&#8220;][vc_column width=&#8220;1\/2&#8243; css=&#8220;.vc_custom_1579617745168{padding-top: 15% !important;padding-right: 15% !important;padding-bottom: 15% !important;padding-left: 15% !important;background-color: #2c2c2c !important;}&#8220;][\/vc_column][vc_column width=&#8220;1\/2&#8243; add_reveal_effect=&#8220;yes&#8220; css=&#8220;.vc_custom_1697634777797{padding-top: 15% !important;padding-right: 15% !important;padding-bottom: 15% !important;padding-left: 15% !important;background-image: url(https:\/\/www.fliesenlegerbetrieb-blum.de\/wp-content\/uploads\/2023\/10\/IMG_2410.jpg?id=3909) !important;background-position: center !important;background-repeat: no-repeat !important;background-size: cover !important;}&#8220;][vc_empty_space height=&#8220;500px&#8220;][\/vc_column][\/vc_row][vc_row css=&#8220;.vc_custom_1579617851547{padding-top: 5% !important;padding-right: 10% !important;padding-bottom: 5% !important;padding-left: 10% !important;}&#8220;][vc_column][\/vc_column][\/vc_row][vc_row gap=&#8220;15&#8243; equal_height=&#8220;yes&#8220; content_placement=&#8220;middle&#8220; css=&#8220;.vc_custom_1580288655077{margin-right: -15px !important;margin-left: -15px !important;}&#8220;][vc_column width=&#8220;1\/2&#8243; add_reveal_effect=&#8220;yes&#8220; css=&#8220;.vc_custom_1697634843816{margin-right:<\/p>\n<p class=\"more-link-wrapper\"><a class=\"btn btn-primary\" href=\"https:\/\/www.fliesenlegerbetrieb-blum.de\/\">Read More<\/a><\/p>\n","protected":false},"author":1,"featured_media":0,"parent":0,"menu_order":0,"comment_status":"closed","ping_status":"closed","template":"","meta":{"footnotes":""},"class_list":["post-1818","page","type-page","status-publish","hentry"],"acf":[],"_links":{"self":[{"href":"https:\/\/www.fliesenlegerbetrieb-blum.de\/index.php?rest_route=\/wp\/v2\/pages\/1818","targetHints":{"allow":["GET"]}}],"collection":[{"href":"https:\/\/www.fliesenlegerbetrieb-blum.de\/index.php?rest_route=\/wp\/v2\/pages"}],"about":[{"href":"https:\/\/www.fliesenlegerbetrieb-blum.de\/index.php?rest_route=\/wp\/v2\/types\/page"}],"author":[{"embeddable":true,"href":"https:\/\/www.fliesenlegerbetrieb-blum.de\/index.php?rest_route=\/wp\/v2\/users\/1"}],"replies":[{"embeddable":true,"href":"https:\/\/www.fliesenlegerbetrieb-blum.de\/index.php?rest_route=%2Fwp%2Fv2%2Fcomments&post=1818"}],"version-history":[{"count":7,"href":"https:\/\/www.fliesenlegerbetrieb-blum.de\/index.php?rest_route=\/wp\/v2\/pages\/1818\/revisions"}],"predecessor-version":[{"id":3930,"href":"https:\/\/www.fliesenlegerbetrieb-blum.de\/index.php?rest_route=\/wp\/v2\/pages\/1818\/revisions\/3930"}],"wp:attachment":[{"href":"https:\/\/www.fliesenlegerbetrieb-blum.de\/index.php?rest_route=%2Fwp%2Fv2%2Fmedia&parent=1818"}],"curies":[{"name":"wp","href":"https:\/\/api.w.org\/{rel}","templated":true}]}}