{"id":2075,"date":"2019-12-12T15:51:56","date_gmt":"2019-12-12T15:51:56","guid":{"rendered":"http:\/\/okthemes.com\/lucia-vineyards-demo\/?page_id=2075"},"modified":"2023-10-18T13:32:01","modified_gmt":"2023-10-18T13:32:01","slug":"who-we-are","status":"publish","type":"page","link":"https:\/\/www.fliesenlegerbetrieb-blum.de\/?page_id=2075","title":{"rendered":"Dienstleistungen"},"content":{"rendered":"<p>[vc_row][vc_column][vc_column_text]Als Fliesenleger biete ich Ihnen eine Vielzahl von Dienstleistungen an, um Ihre R\u00e4ume professionell zu gestalten. Hier sind einige meiner Leistungen im \u00dcberblick:[\/vc_column_text][\/vc_column][\/vc_row][vc_row equal_height=&#8220;yes&#8220; content_placement=&#8220;middle&#8220; css=&#8220;.vc_custom_1580811860099{margin-top: 0px !important;}&#8220;][vc_column width=&#8220;1\/2&#8243; add_reveal_effect=&#8220;yes&#8220; css=&#8220;.vc_custom_1678218222286{padding-top: 15% !important;padding-right: 15% !important;padding-bottom: 15% !important;padding-left: 15% !important;background-image: url(https:\/\/www.fliesenlegerbetrieb-blum.de\/wp-content\/uploads\/2023\/03\/verlegung.jpg?id=3897) !important;background-position: center !important;background-repeat: no-repeat !important;background-size: cover !important;}&#8220;][vc_empty_space height=&#8220;300px&#8220;][\/vc_column][vc_column width=&#8220;1\/2&#8243; css=&#8220;.vc_custom_1580822529295{padding-top: 15% !important;padding-right: 15% !important;padding-bottom: 15% !important;padding-left: 15% !important;background-color: #2c2c2c !important;background-position: center !important;background-repeat: no-repeat !important;background-size: cover !important;}&#8220;]\n\t<div class=\"title-subtitle-box  \" style=\" text-align: left;\">\n\t\t<h1 style=\" font-weight: normal;\" class=\"special-title\" >Fliesenverlegung<\/h1>\n\t\t<span class=\"subtitle\" style=\"\">Ich verlege Fliesen auf B\u00f6den, W\u00e4nden und Treppen in verschiedenen Formaten und Materialien wie Keramik, Naturstein oder Glas.<\/span>\n\t<\/div> [\/vc_column][\/vc_row][vc_row equal_height=&#8220;yes&#8220; content_placement=&#8220;middle&#8220; css=&#8220;.vc_custom_1580811860099{margin-top: 0px !important;}&#8220;][vc_column width=&#8220;1\/2&#8243; css=&#8220;.vc_custom_1580822529295{padding-top: 15% !important;padding-right: 15% !important;padding-bottom: 15% !important;padding-left: 15% !important;background-color: #2c2c2c !important;background-position: center !important;background-repeat: no-repeat !important;background-size: cover !important;}&#8220;]\n\t<div class=\"title-subtitle-box  \" style=\" text-align: left;\">\n\t\t<h1 style=\" font-weight: normal;\" class=\"special-title\" >Fliesensanierung<\/h1>\n\t\t<span class=\"subtitle\" style=\"\">Ich entferne alte Fliesen und erneuere sie durch neue. Auch die Reparatur besch\u00e4digter Fliesen geh\u00f6rt zu meinem Service.<\/span>\n\t<\/div> [\/vc_column][vc_column width=&#8220;1\/2&#8243; add_reveal_effect=&#8220;yes&#8220; css=&#8220;.vc_custom_1678218376093{padding-top: 15% !important;padding-right: 15% !important;padding-bottom: 15% !important;padding-left: 15% !important;background-image: url(https:\/\/www.fliesenlegerbetrieb-blum.de\/wp-content\/uploads\/2023\/03\/sanierung.jpg?id=3898) !important;background-position: center !important;background-repeat: no-repeat !important;background-size: cover !important;}&#8220;][vc_empty_space height=&#8220;300px&#8220;][\/vc_column][\/vc_row][vc_row equal_height=&#8220;yes&#8220; content_placement=&#8220;middle&#8220; css=&#8220;.vc_custom_1580811860099{margin-top: 0px !important;}&#8220;][vc_column width=&#8220;1\/2&#8243; add_reveal_effect=&#8220;yes&#8220; css=&#8220;.vc_custom_1697635780459{padding-top: 15% !important;padding-right: 15% !important;padding-bottom: 15% !important;padding-left: 15% !important;background-image: url(https:\/\/www.fliesenlegerbetrieb-blum.de\/wp-content\/uploads\/2023\/10\/IMG_2435.jpg?id=3916) !important;background-position: center !important;background-repeat: no-repeat !important;background-size: cover !important;}&#8220;][vc_empty_space height=&#8220;300px&#8220;][\/vc_column][vc_column width=&#8220;1\/2&#8243; css=&#8220;.vc_custom_1580822529295{padding-top: 15% !important;padding-right: 15% !important;padding-bottom: 15% !important;padding-left: 15% !important;background-color: #2c2c2c !important;background-position: center !important;background-repeat: no-repeat !important;background-size: cover !important;}&#8220;]\n\t<div class=\"title-subtitle-box  \" style=\" text-align: left;\">\n\t\t<h1 style=\" font-weight: normal;\" class=\"special-title\" >Barrierefreies Bauen<\/h1>\n\t\t<span class=\"subtitle\" style=\"\">Ich gestalte barrierefreie B\u00e4der, Duschen und R\u00e4ume f\u00fcr Menschen mit k\u00f6rperlichen Einschr\u00e4nkungen.<\/span>\n\t<\/div> [\/vc_column][\/vc_row][vc_row equal_height=&#8220;yes&#8220; content_placement=&#8220;middle&#8220; css=&#8220;.vc_custom_1580811860099{margin-top: 0px !important;}&#8220;][vc_column width=&#8220;1\/2&#8243; add_reveal_effect=&#8220;yes&#8220; css=&#8220;.vc_custom_1697635884104{padding-top: 15% !important;padding-right: 15% !important;padding-bottom: 15% !important;padding-left: 15% !important;background-image: url(https:\/\/www.fliesenlegerbetrieb-blum.de\/wp-content\/uploads\/2023\/10\/IMG_2411.jpg?id=3911) !important;background-position: center !important;background-repeat: no-repeat !important;background-size: cover !important;}&#8220;][vc_empty_space height=&#8220;300px&#8220;][\/vc_column][vc_column width=&#8220;1\/2&#8243; css=&#8220;.vc_custom_1580822529295{padding-top: 15% !important;padding-right: 15% !important;padding-bottom: 15% !important;padding-left: 15% !important;background-color: #2c2c2c !important;background-position: center !important;background-repeat: no-repeat !important;background-size: cover !important;}&#8220;]\n\t<div class=\"title-subtitle-box  \" style=\" text-align: left;\">\n\t\t<h1 style=\" font-weight: normal;\" class=\"special-title\" >Putzarbeiten<\/h1>\n\t\t<span class=\"subtitle\" style=\"\">Text folgt...<\/span>\n\t<\/div> [\/vc_column][\/vc_row][vc_row equal_height=&#8220;yes&#8220; content_placement=&#8220;middle&#8220; css=&#8220;.vc_custom_1580811860099{margin-top: 0px !important;}&#8220;][vc_column width=&#8220;1\/2&#8243; add_reveal_effect=&#8220;yes&#8220; css=&#8220;.vc_custom_1678218222286{padding-top: 15% !important;padding-right: 15% !important;padding-bottom: 15% !important;padding-left: 15% !important;background-image: url(https:\/\/www.fliesenlegerbetrieb-blum.de\/wp-content\/uploads\/2023\/03\/verlegung.jpg?id=3897) !important;background-position: center !important;background-repeat: no-repeat !important;background-size: cover !important;}&#8220;][vc_empty_space height=&#8220;300px&#8220;][\/vc_column][vc_column width=&#8220;1\/2&#8243; css=&#8220;.vc_custom_1580822529295{padding-top: 15% !important;padding-right: 15% !important;padding-bottom: 15% !important;padding-left: 15% !important;background-color: #2c2c2c !important;background-position: center !important;background-repeat: no-repeat !important;background-size: cover !important;}&#8220;]\n\t<div class=\"title-subtitle-box  \" style=\" text-align: left;\">\n\t\t<h1 style=\" font-weight: normal;\" class=\"special-title\" >Vinyl- und Designb\u00f6den<\/h1>\n\t\t<span class=\"subtitle\" style=\"\">Text folgt...<\/span>\n\t<\/div> [\/vc_column][\/vc_row][vc_row equal_height=&#8220;yes&#8220; content_placement=&#8220;middle&#8220; css=&#8220;.vc_custom_1580811860099{margin-top: 0px !important;}&#8220;][vc_column width=&#8220;1\/2&#8243; add_reveal_effect=&#8220;yes&#8220; css=&#8220;.vc_custom_1697635555598{padding-top: 15% !important;padding-right: 15% !important;padding-bottom: 15% !important;padding-left: 15% !important;background-image: url(https:\/\/www.fliesenlegerbetrieb-blum.de\/wp-content\/uploads\/2023\/02\/IMG_1378.jpg?id=3881) !important;background-position: center !important;background-repeat: no-repeat !important;background-size: cover !important;}&#8220;][vc_empty_space height=&#8220;300px&#8220;][\/vc_column][vc_column width=&#8220;1\/2&#8243; css=&#8220;.vc_custom_1580822529295{padding-top: 15% !important;padding-right: 15% !important;padding-bottom: 15% !important;padding-left: 15% !important;background-color: #2c2c2c !important;background-position: center !important;background-repeat: no-repeat !important;background-size: cover !important;}&#8220;]\n\t<div class=\"title-subtitle-box  \" style=\" text-align: left;\">\n\t\t<h1 style=\" font-weight: normal;\" class=\"special-title\" >Treppen im Innen- und Au\u00dfenbereich<\/h1>\n\t\t<span class=\"subtitle\" style=\"\">Text folgt...<\/span>\n\t<\/div> [\/vc_column][\/vc_row]<\/p>\n","protected":false},"excerpt":{"rendered":"<p>[vc_row][vc_column][vc_column_text]Als Fliesenleger biete ich Ihnen eine Vielzahl von Dienstleistungen an, um Ihre R\u00e4ume professionell zu gestalten. Hier sind einige meiner Leistungen im \u00dcberblick:[\/vc_column_text][\/vc_column][\/vc_row][vc_row equal_height=&#8220;yes&#8220; content_placement=&#8220;middle&#8220; css=&#8220;.vc_custom_1580811860099{margin-top: 0px !important;}&#8220;][vc_column width=&#8220;1\/2&#8243; add_reveal_effect=&#8220;yes&#8220; css=&#8220;.vc_custom_1678218222286{padding-top: 15% !important;padding-right: 15% !important;padding-bottom: 15% !important;padding-left: 15% !important;background-image: url(https:\/\/www.fliesenlegerbetrieb-blum.de\/wp-content\/uploads\/2023\/03\/verlegung.jpg?id=3897) !important;background-position: center !important;background-repeat: no-repeat !important;background-size: cover !important;}&#8220;][vc_empty_space height=&#8220;300px&#8220;][\/vc_column][vc_column width=&#8220;1\/2&#8243; css=&#8220;.vc_custom_1580822529295{padding-top: 15% !important;padding-right: 15% !important;padding-bottom: 15%<\/p>\n<p class=\"more-link-wrapper\"><a class=\"btn btn-primary\" href=\"https:\/\/www.fliesenlegerbetrieb-blum.de\/?page_id=2075\">Read More<\/a><\/p>\n","protected":false},"author":1,"featured_media":0,"parent":0,"menu_order":0,"comment_status":"closed","ping_status":"closed","template":"","meta":{"footnotes":""},"class_list":["post-2075","page","type-page","status-publish","hentry"],"acf":[],"_links":{"self":[{"href":"https:\/\/www.fliesenlegerbetrieb-blum.de\/index.php?rest_route=\/wp\/v2\/pages\/2075","targetHints":{"allow":["GET"]}}],"collection":[{"href":"https:\/\/www.fliesenlegerbetrieb-blum.de\/index.php?rest_route=\/wp\/v2\/pages"}],"about":[{"href":"https:\/\/www.fliesenlegerbetrieb-blum.de\/index.php?rest_route=\/wp\/v2\/types\/page"}],"author":[{"embeddable":true,"href":"https:\/\/www.fliesenlegerbetrieb-blum.de\/index.php?rest_route=\/wp\/v2\/users\/1"}],"replies":[{"embeddable":true,"href":"https:\/\/www.fliesenlegerbetrieb-blum.de\/index.php?rest_route=%2Fwp%2Fv2%2Fcomments&post=2075"}],"version-history":[{"count":5,"href":"https:\/\/www.fliesenlegerbetrieb-blum.de\/index.php?rest_route=\/wp\/v2\/pages\/2075\/revisions"}],"predecessor-version":[{"id":3932,"href":"https:\/\/www.fliesenlegerbetrieb-blum.de\/index.php?rest_route=\/wp\/v2\/pages\/2075\/revisions\/3932"}],"wp:attachment":[{"href":"https:\/\/www.fliesenlegerbetrieb-blum.de\/index.php?rest_route=%2Fwp%2Fv2%2Fmedia&parent=2075"}],"curies":[{"name":"wp","href":"https:\/\/api.w.org\/{rel}","templated":true}]}}