{"id":2081,"date":"2019-12-12T15:52:39","date_gmt":"2019-12-12T15:52:39","guid":{"rendered":"http:\/\/okthemes.com\/lucia-vineyards-demo\/?page_id=2081"},"modified":"2023-03-07T20:18:09","modified_gmt":"2023-03-07T20:18:09","slug":"winemaker-team","status":"publish","type":"page","link":"https:\/\/www.fliesenlegerbetrieb-blum.de\/?page_id=2081","title":{"rendered":"Referenzen"},"content":{"rendered":"<p>[vc_row][vc_column css=&#8220;.vc_custom_1580216206787{padding-right: 0px !important;padding-left: 0px !important;}&#8220;]\n\t<div class=\"image-collage-wrapper \">\n\t<div class=\"image-grid-collage\">\n\t<div class=\"image-area image-area-1\"><\/div>\n\t<div class=\"image-area image-area-2\"><\/div>\n\t<div class=\"image-area image-area-3\"><\/div>\n\t<div class=\"image-area image-area-4\"><\/div>\n\t<div class=\"image-area image-area-5\"><\/div>\n\t<div class=\"image-area image-area-6\"><\/div>\n\t<div class=\"image-area image-area-7\"><\/div>\n\t<div class=\"image-area image-area-8\"><\/div>\n\t<\/div>\n\t<div class=\"image-grid-content-wrapper\">\n\t<div class=\"image-grid-content\">\n\t\t<span class=\"gg-horizontal-line\"><\/span>\n\t\t<div class=\"grid-description\"><p>Unsere zufriedenen Kunden sprechen f\u00fcr sich! Wir sind stolz darauf, immer wieder f\u00fcr unsere exzellente Arbeit und unser Engagement gelobt zu werden. Auf dieser Referenz-Seite m\u00f6chten wir Ihnen einen Einblick in einige unserer erfolgreich abgeschlossenen Projekte geben und zeigen, was unsere Kunden \u00fcber uns zu sagen haben.<\/p>\n<p>Von der Beratung bis hin zur Fertigstellung waren wir ein zuverl\u00e4ssiger Partner, der h\u00f6chste Anspr\u00fcche erf\u00fcllt hat. Wir setzen jedes Projekt mit Sorgfalt und Hingabe um und legen gro\u00dfen Wert auf eine enge Zusammenarbeit mit unseren Kunden.<\/p>\n<p>\u00dcberzeugen Sie sich selbst und lesen Sie, was unsere Kunden \u00fcber uns sagen.<\/p>\n<\/div>\n\t<\/div>\n\t<\/div>\n\t<\/div>[\/vc_column][\/vc_row][vc_row][vc_column][vc_column_text]<pre class=\"ti-widget\"><template id=\"trustindex-google-widget-html\"><div class=\" ti-widget  ti-goog ti-review-text-mode-readmore ti-text-align-center\" data-no-translation=\"true\" data-plugin-version=\"13.2.7\" data-layout-id=\"34\" data-layout-category=\"slider\" data-set-id=\"drop-shadow\" data-pid=\"\" data-language=\"de\" data-close-locale=\"Schlie\u00dfen\" data-review-target-width=\"300\" data-css-version=\"2\" data-reply-by-locale=\"Antwort des Eigent\u00fcmers\" data-only-rating-locale=\"Dieser Nutzer hat lediglich eine Bewertung abgegeben.\" data-pager-autoplay-timeout=\"6\"> <div class=\"ti-widget-container ti-col-3\"> <div class=\"ti-header ti-header-grid source-Google\"> <div class=\"ti-fade-container\"> <div class=\"ti-rating-text\"> <strong class=\"ti-rating ti-rating-large\"> AUSGEZEICHNET <\/strong> <\/div> <span class=\"ti-stars star-lg\"><trustindex-image class=\"ti-star\" data-imgurl=\"https:\/\/cdn.trustindex.io\/assets\/platform\/Google\/star\/f.svg\" alt=\"Google\" width=\"17\" height=\"17\" loading=\"lazy\"><\/trustindex-image><trustindex-image class=\"ti-star\" data-imgurl=\"https:\/\/cdn.trustindex.io\/assets\/platform\/Google\/star\/f.svg\" alt=\"Google\" width=\"17\" height=\"17\" loading=\"lazy\"><\/trustindex-image><trustindex-image class=\"ti-star\" data-imgurl=\"https:\/\/cdn.trustindex.io\/assets\/platform\/Google\/star\/f.svg\" alt=\"Google\" width=\"17\" height=\"17\" loading=\"lazy\"><\/trustindex-image><trustindex-image class=\"ti-star\" data-imgurl=\"https:\/\/cdn.trustindex.io\/assets\/platform\/Google\/star\/f.svg\" alt=\"Google\" width=\"17\" height=\"17\" loading=\"lazy\"><\/trustindex-image><trustindex-image class=\"ti-star\" data-imgurl=\"https:\/\/cdn.trustindex.io\/assets\/platform\/Google\/star\/f.svg\" alt=\"Google\" width=\"17\" height=\"17\" loading=\"lazy\"><\/trustindex-image><\/span> <div class=\"ti-rating-text\"> <span class=\"nowrap\">Basierend auf <strong>6 Bewertungen<\/strong><\/span> <\/div> <div class=\"ti-large-logo\"> <div class=\"ti-v-center\"> <trustindex-image class=\"ti-logo-fb\" data-imgurl=\"https:\/\/cdn.trustindex.io\/assets\/platform\/Google\/logo.svg\" width=\"150\" height=\"25\" loading=\"lazy\" alt=\"Google\"><\/trustindex-image> <\/div> <\/div> <\/div> <\/div> <div class=\"ti-reviews-container\"> <div class=\"ti-controls\"> <div class=\"ti-next\" aria-label=\"N\u00e4chste Bewertung\" role=\"button\" tabindex=\"0\"><\/div> <div class=\"ti-prev\" aria-label=\"Vorherige Bewertung\" role=\"button\" tabindex=\"0\"><\/div> <\/div> <div class=\"ti-reviews-container-wrapper\">  <div data-empty=\"0\" class=\"ti-review-item source-Google ti-image-layout-thumbnail\" data-id=\"cfcd208495d565ef66e7dff9f98764da\"> <div class=\"ti-inner\"> <div class=\"ti-review-header\"> <div class=\"ti-platform-icon ti-with-tooltip\"> <span class=\"ti-tooltip\">Gepostet auf <\/span> <trustindex-image data-imgurl=\"https:\/\/cdn.trustindex.io\/assets\/platform\/Google\/icon.svg\" alt=\"\" width=\"20\" height=\"20\" loading=\"lazy\"><\/trustindex-image> <\/div> <div class=\"ti-profile-img\"> <trustindex-image data-imgurl=\"https:\/\/lh3.googleusercontent.com\/a\/AGNmyxYfjLSV3vMjSmDbba2rHFJ52ZO6mfhylaHWY4N3=w40-h40-c-c-rp-w40-h40-mo-ba3-br100\" alt=\"Marcus H profile picture\" loading=\"lazy\"><\/trustindex-image> <\/div> <div class=\"ti-profile-details\"> <div class=\"ti-name\"> Marcus H <\/div> <div class=\"ti-date\">28\/05\/2022<\/div> <\/div> <\/div> <span class=\"ti-stars\"><trustindex-image class=\"ti-star\" data-imgurl=\"https:\/\/cdn.trustindex.io\/assets\/platform\/Google\/star\/f.svg\" alt=\"Google\" width=\"17\" height=\"17\" loading=\"lazy\"><\/trustindex-image><trustindex-image class=\"ti-star\" data-imgurl=\"https:\/\/cdn.trustindex.io\/assets\/platform\/Google\/star\/f.svg\" alt=\"Google\" width=\"17\" height=\"17\" loading=\"lazy\"><\/trustindex-image><trustindex-image class=\"ti-star\" data-imgurl=\"https:\/\/cdn.trustindex.io\/assets\/platform\/Google\/star\/f.svg\" alt=\"Google\" width=\"17\" height=\"17\" loading=\"lazy\"><\/trustindex-image><trustindex-image class=\"ti-star\" data-imgurl=\"https:\/\/cdn.trustindex.io\/assets\/platform\/Google\/star\/f.svg\" alt=\"Google\" width=\"17\" height=\"17\" loading=\"lazy\"><\/trustindex-image><trustindex-image class=\"ti-star\" data-imgurl=\"https:\/\/cdn.trustindex.io\/assets\/platform\/Google\/star\/f.svg\" alt=\"Google\" width=\"17\" height=\"17\" loading=\"lazy\"><\/trustindex-image><span class=\"ti-verified-review ti-verified-platform\"><span class=\"ti-verified-tooltip\">Trustindex \u00fcberpr\u00fcft, ob die Originalquelle der Bewertung Google ist.<\/span><\/span><\/span> <div class=\"ti-review-text-container ti-review-content\"><!-- R-CONTENT -->Herr Blum hat eine perfekte Arbeit zu einem absolut fairen Preis abgeliefert. Es wurde auch auf Sonderw\u00fcnsche eingegangen, und das immer mit einem freundlichen und liebenswerten Auftritt. Diesen Fliesenleger k\u00f6nnen wir nur w\u00e4rmstens empfehlen.<!-- R-CONTENT --><\/div> <span class=\"ti-read-more\" data-container=\".ti-review-content\" data-collapse-text=\"Ausblenden\" data-open-text=\"Weiterlesen\"><\/span> <\/div> <\/div>  <div data-empty=\"0\" class=\"ti-review-item source-Google ti-image-layout-thumbnail\" data-id=\"cfcd208495d565ef66e7dff9f98764da\"> <div class=\"ti-inner\"> <div class=\"ti-review-header\"> <div class=\"ti-platform-icon ti-with-tooltip\"> <span class=\"ti-tooltip\">Gepostet auf <\/span> <trustindex-image data-imgurl=\"https:\/\/cdn.trustindex.io\/assets\/platform\/Google\/icon.svg\" alt=\"\" width=\"20\" height=\"20\" loading=\"lazy\"><\/trustindex-image> <\/div> <div class=\"ti-profile-img\"> <trustindex-image data-imgurl=\"https:\/\/lh3.googleusercontent.com\/a-\/ACB-R5RHcovsVNdgvBcEsfR2CSMKRf9xcXq1u_1QWtjq=w40-h40-c-c-rp-w40-h40-mo-br100\" alt=\"Swen Awiszus profile picture\" loading=\"lazy\"><\/trustindex-image> <\/div> <div class=\"ti-profile-details\"> <div class=\"ti-name\"> Swen Awiszus <\/div> <div class=\"ti-date\">04\/05\/2022<\/div> <\/div> <\/div> <span class=\"ti-stars\"><trustindex-image class=\"ti-star\" data-imgurl=\"https:\/\/cdn.trustindex.io\/assets\/platform\/Google\/star\/f.svg\" alt=\"Google\" width=\"17\" height=\"17\" loading=\"lazy\"><\/trustindex-image><trustindex-image class=\"ti-star\" data-imgurl=\"https:\/\/cdn.trustindex.io\/assets\/platform\/Google\/star\/f.svg\" alt=\"Google\" width=\"17\" height=\"17\" loading=\"lazy\"><\/trustindex-image><trustindex-image class=\"ti-star\" data-imgurl=\"https:\/\/cdn.trustindex.io\/assets\/platform\/Google\/star\/f.svg\" alt=\"Google\" width=\"17\" height=\"17\" loading=\"lazy\"><\/trustindex-image><trustindex-image class=\"ti-star\" data-imgurl=\"https:\/\/cdn.trustindex.io\/assets\/platform\/Google\/star\/f.svg\" alt=\"Google\" width=\"17\" height=\"17\" loading=\"lazy\"><\/trustindex-image><trustindex-image class=\"ti-star\" data-imgurl=\"https:\/\/cdn.trustindex.io\/assets\/platform\/Google\/star\/f.svg\" alt=\"Google\" width=\"17\" height=\"17\" loading=\"lazy\"><\/trustindex-image><span class=\"ti-verified-review ti-verified-platform\"><span class=\"ti-verified-tooltip\">Trustindex \u00fcberpr\u00fcft, ob die Originalquelle der Bewertung Google ist.<\/span><\/span><\/span> <div class=\"ti-review-text-container ti-review-content\"><!-- R-CONTENT -->Dusty Blum ist f\u00fcr mich DER Fliesenleger schlechthin: Hilfsbereit, freundlich, zuverl\u00e4ssig und vor allem supersauber und genau in der Arbeit - perfekt! Absolute Empfehlung, gerne wieder und schade, dass man nur f\u00fcnf Sterne vergeben kann.<!-- R-CONTENT --><\/div> <span class=\"ti-read-more\" data-container=\".ti-review-content\" data-collapse-text=\"Ausblenden\" data-open-text=\"Weiterlesen\"><\/span> <\/div> <\/div>  <div data-empty=\"0\" class=\"ti-review-item source-Google ti-image-layout-thumbnail\" data-id=\"cfcd208495d565ef66e7dff9f98764da\"> <div class=\"ti-inner\"> <div class=\"ti-review-header\"> <div class=\"ti-platform-icon ti-with-tooltip\"> <span class=\"ti-tooltip\">Gepostet auf <\/span> <trustindex-image data-imgurl=\"https:\/\/cdn.trustindex.io\/assets\/platform\/Google\/icon.svg\" alt=\"\" width=\"20\" height=\"20\" loading=\"lazy\"><\/trustindex-image> <\/div> <div class=\"ti-profile-img\"> <trustindex-image data-imgurl=\"https:\/\/lh3.googleusercontent.com\/a\/AGNmyxb6IybwFI-nQAEK8W4fdSA0RJ7hfoZbgNJ9YATN=w40-h40-c-c-rp-w40-h40-mo-br100\" alt=\"Thorsten Br\u00fcmmer profile picture\" loading=\"lazy\"><\/trustindex-image> <\/div> <div class=\"ti-profile-details\"> <div class=\"ti-name\"> Thorsten Br\u00fcmmer <\/div> <div class=\"ti-date\">10\/12\/2021<\/div> <\/div> <\/div> <span class=\"ti-stars\"><trustindex-image class=\"ti-star\" data-imgurl=\"https:\/\/cdn.trustindex.io\/assets\/platform\/Google\/star\/f.svg\" alt=\"Google\" width=\"17\" height=\"17\" loading=\"lazy\"><\/trustindex-image><trustindex-image class=\"ti-star\" data-imgurl=\"https:\/\/cdn.trustindex.io\/assets\/platform\/Google\/star\/f.svg\" alt=\"Google\" width=\"17\" height=\"17\" loading=\"lazy\"><\/trustindex-image><trustindex-image class=\"ti-star\" data-imgurl=\"https:\/\/cdn.trustindex.io\/assets\/platform\/Google\/star\/f.svg\" alt=\"Google\" width=\"17\" height=\"17\" loading=\"lazy\"><\/trustindex-image><trustindex-image class=\"ti-star\" data-imgurl=\"https:\/\/cdn.trustindex.io\/assets\/platform\/Google\/star\/f.svg\" alt=\"Google\" width=\"17\" height=\"17\" loading=\"lazy\"><\/trustindex-image><trustindex-image class=\"ti-star\" data-imgurl=\"https:\/\/cdn.trustindex.io\/assets\/platform\/Google\/star\/f.svg\" alt=\"Google\" width=\"17\" height=\"17\" loading=\"lazy\"><\/trustindex-image><span class=\"ti-verified-review ti-verified-platform\"><span class=\"ti-verified-tooltip\">Trustindex \u00fcberpr\u00fcft, ob die Originalquelle der Bewertung Google ist.<\/span><\/span><\/span> <div class=\"ti-review-text-container ti-review-content\"><!-- R-CONTENT -->Sehr zu empfehlen! Haben unseren K\u00fcchenfussboden , Flur und Badezimmer komplett fliesen lassen. Herr Blum war p\u00fcnktlich, immer Ansprechbar und hat eine Top Arbeit abgeliefert. Das alles zu einem absolut fairen Preis. Immer wieder gerne!<!-- R-CONTENT --><\/div> <span class=\"ti-read-more\" data-container=\".ti-review-content\" data-collapse-text=\"Ausblenden\" data-open-text=\"Weiterlesen\"><\/span> <\/div> <\/div>  <div data-empty=\"0\" class=\"ti-review-item source-Google ti-image-layout-thumbnail\" data-id=\"cfcd208495d565ef66e7dff9f98764da\"> <div class=\"ti-inner\"> <div class=\"ti-review-header\"> <div class=\"ti-platform-icon ti-with-tooltip\"> <span class=\"ti-tooltip\">Gepostet auf <\/span> <trustindex-image data-imgurl=\"https:\/\/cdn.trustindex.io\/assets\/platform\/Google\/icon.svg\" alt=\"\" width=\"20\" height=\"20\" loading=\"lazy\"><\/trustindex-image> <\/div> <div class=\"ti-profile-img\"> <trustindex-image data-imgurl=\"https:\/\/lh3.googleusercontent.com\/a-\/ACB-R5QdsO07CCkSPkYjWrytaHv-a8aaFK58QTdR3rBs4Q=w40-h40-c-c-rp-w40-h40-mo-br100\" alt=\"Alex profile picture\" loading=\"lazy\"><\/trustindex-image> <\/div> <div class=\"ti-profile-details\"> <div class=\"ti-name\"> Alex <\/div> <div class=\"ti-date\">14\/07\/2020<\/div> <\/div> <\/div> <span class=\"ti-stars\"><trustindex-image class=\"ti-star\" data-imgurl=\"https:\/\/cdn.trustindex.io\/assets\/platform\/Google\/star\/f.svg\" alt=\"Google\" width=\"17\" height=\"17\" loading=\"lazy\"><\/trustindex-image><trustindex-image class=\"ti-star\" data-imgurl=\"https:\/\/cdn.trustindex.io\/assets\/platform\/Google\/star\/f.svg\" alt=\"Google\" width=\"17\" height=\"17\" loading=\"lazy\"><\/trustindex-image><trustindex-image class=\"ti-star\" data-imgurl=\"https:\/\/cdn.trustindex.io\/assets\/platform\/Google\/star\/f.svg\" alt=\"Google\" width=\"17\" height=\"17\" loading=\"lazy\"><\/trustindex-image><trustindex-image class=\"ti-star\" data-imgurl=\"https:\/\/cdn.trustindex.io\/assets\/platform\/Google\/star\/f.svg\" alt=\"Google\" width=\"17\" height=\"17\" loading=\"lazy\"><\/trustindex-image><trustindex-image class=\"ti-star\" data-imgurl=\"https:\/\/cdn.trustindex.io\/assets\/platform\/Google\/star\/f.svg\" alt=\"Google\" width=\"17\" height=\"17\" loading=\"lazy\"><\/trustindex-image><span class=\"ti-verified-review ti-verified-platform\"><span class=\"ti-verified-tooltip\">Trustindex \u00fcberpr\u00fcft, ob die Originalquelle der Bewertung Google ist.<\/span><\/span><\/span> <div class=\"ti-review-text-container ti-review-content\"><!-- R-CONTENT -->Saubere und zuverl\u00e4ssige Arbeit. Immer wieder gerne! Alles Top!<!-- R-CONTENT --><\/div> <span class=\"ti-read-more\" data-container=\".ti-review-content\" data-collapse-text=\"Ausblenden\" data-open-text=\"Weiterlesen\"><\/span> <\/div> <\/div>  <div data-empty=\"0\" class=\"ti-review-item source-Google ti-image-layout-thumbnail\" data-id=\"cfcd208495d565ef66e7dff9f98764da\"> <div class=\"ti-inner\"> <div class=\"ti-review-header\"> <div class=\"ti-platform-icon ti-with-tooltip\"> <span class=\"ti-tooltip\">Gepostet auf <\/span> <trustindex-image data-imgurl=\"https:\/\/cdn.trustindex.io\/assets\/platform\/Google\/icon.svg\" alt=\"\" width=\"20\" height=\"20\" loading=\"lazy\"><\/trustindex-image> <\/div> <div class=\"ti-profile-img\"> <trustindex-image data-imgurl=\"https:\/\/lh3.googleusercontent.com\/a\/AGNmyxYLNn9tNIs2N3wo-k4zNUPMhJ2Job8FOuhd134Z=w40-h40-c-c-rp-w40-h40-mo-br100\" alt=\"Timo Wege profile picture\" loading=\"lazy\"><\/trustindex-image> <\/div> <div class=\"ti-profile-details\"> <div class=\"ti-name\"> Timo Wege <\/div> <div class=\"ti-date\">30\/01\/2020<\/div> <\/div> <\/div> <span class=\"ti-stars\"><trustindex-image class=\"ti-star\" data-imgurl=\"https:\/\/cdn.trustindex.io\/assets\/platform\/Google\/star\/f.svg\" alt=\"Google\" width=\"17\" height=\"17\" loading=\"lazy\"><\/trustindex-image><trustindex-image class=\"ti-star\" data-imgurl=\"https:\/\/cdn.trustindex.io\/assets\/platform\/Google\/star\/f.svg\" alt=\"Google\" width=\"17\" height=\"17\" loading=\"lazy\"><\/trustindex-image><trustindex-image class=\"ti-star\" data-imgurl=\"https:\/\/cdn.trustindex.io\/assets\/platform\/Google\/star\/f.svg\" alt=\"Google\" width=\"17\" height=\"17\" loading=\"lazy\"><\/trustindex-image><trustindex-image class=\"ti-star\" data-imgurl=\"https:\/\/cdn.trustindex.io\/assets\/platform\/Google\/star\/f.svg\" alt=\"Google\" width=\"17\" height=\"17\" loading=\"lazy\"><\/trustindex-image><trustindex-image class=\"ti-star\" data-imgurl=\"https:\/\/cdn.trustindex.io\/assets\/platform\/Google\/star\/f.svg\" alt=\"Google\" width=\"17\" height=\"17\" loading=\"lazy\"><\/trustindex-image><span class=\"ti-verified-review ti-verified-platform\"><span class=\"ti-verified-tooltip\">Trustindex \u00fcberpr\u00fcft, ob die Originalquelle der Bewertung Google ist.<\/span><\/span><\/span> <div class=\"ti-review-text-container ti-review-content\"><!-- R-CONTENT -->Super Job! P\u00fcnktlich, zuverl\u00e4ssig, absolut saubere Arbeit und mit Liebe verlegt. Top! Nur zu empfehlen!<!-- R-CONTENT --><\/div> <span class=\"ti-read-more\" data-container=\".ti-review-content\" data-collapse-text=\"Ausblenden\" data-open-text=\"Weiterlesen\"><\/span> <\/div> <\/div>  <\/div> <div class=\"ti-controls-line\"> <div class=\"dot\"><\/div> <\/div> <\/div>   <\/div> <\/div> <\/template><\/pre><div data-src=\"https:\/\/cdn.trustindex.io\/loader.js?wp-widget\" data-template-id=\"trustindex-google-widget-html\" data-css-url=\"https:\/\/www.fliesenlegerbetrieb-blum.de\/wp-content\/uploads\/trustindex-google-widget.css?1771782094\"><\/div>[\/vc_column_text][\/vc_column][\/vc_row][vc_row][vc_column css=&#8220;.vc_custom_1580216234559{padding-right: 0px !important;padding-left: 0px !important;}&#8220;][vc_row_inner][vc_column_inner width=&#8220;1\/3&#8243;]\n\t<div class=\"team-member-box  text-align-left\">\n\t\t<figure>\n\t\t<div class=\"team-image-wrapper reveal-effect masker wow\">\n\t\t\t<img loading=\"lazy\" decoding=\"async\" width=\"819\" height=\"1499\" src=\"https:\/\/www.fliesenlegerbetrieb-blum.de\/wp-content\/uploads\/2023\/02\/IMG_0869.jpg\" class=\"vc_single_image-img attachment-full\" alt=\"\" title=\"IMG_0869\" srcset=\"https:\/\/www.fliesenlegerbetrieb-blum.de\/wp-content\/uploads\/2023\/02\/IMG_0869.jpg 819w, https:\/\/www.fliesenlegerbetrieb-blum.de\/wp-content\/uploads\/2023\/02\/IMG_0869-164x300.jpg 164w, https:\/\/www.fliesenlegerbetrieb-blum.de\/wp-content\/uploads\/2023\/02\/IMG_0869-559x1024.jpg 559w, https:\/\/www.fliesenlegerbetrieb-blum.de\/wp-content\/uploads\/2023\/02\/IMG_0869-768x1406.jpg 768w\" sizes=\"auto, (max-width: 819px) 100vw, 819px\" \/>\n\t\t<\/div>\n\t\t<figcaption>\n\t\t\t<h3>Bad-Renovierung<\/h3>\n\t\t<span class=\"gg-horizontal-line\"><\/span>\n\t\t\t<div class=\"member-description\"><p>&#8222;Wir haben unseren Badezimmerboden und die Dusche von diesem Fliesenleger renovieren lassen und waren mit dem Ergebnis sehr zufrieden. Die Arbeit wurde p\u00fcnktlich und zu einem fairen Preis erledigt, und die Fliesen sehen fantastisch aus. Wir empfehlen diesen Fliesenleger gerne weiter.&#8220;<\/p>\n<p>Sabine und Thomas H.<\/p>\n<\/div>\n\t\t<\/figcaption>\n\t\t<\/figure>\n\t<\/div> [\/vc_column_inner][vc_column_inner width=&#8220;1\/3&#8243;]\r\n\t\t<div\r\n\t\t\tclass=\"twentytwenty-container wb_vc_baic_container\"\r\n\t\t\tid=\"wb_before_after_1_1776045981\"\r\n\t\t\tdata-before-text = \"Before\"\r\n\t\t\tdata-after-text = \"After\"\r\n\t\t>\r\n\t\t\t<img loading=\"lazy\" decoding=\"async\" width=\"768\" height=\"576\" src=\"https:\/\/www.fliesenlegerbetrieb-blum.de\/wp-content\/uploads\/2023\/03\/vorhernachher-kueche_vorher-768x576.jpg\" class=\"attachment-medium_large size-medium_large\" alt=\"\" srcset=\"https:\/\/www.fliesenlegerbetrieb-blum.de\/wp-content\/uploads\/2023\/03\/vorhernachher-kueche_vorher-768x576.jpg 768w, https:\/\/www.fliesenlegerbetrieb-blum.de\/wp-content\/uploads\/2023\/03\/vorhernachher-kueche_vorher-300x225.jpg 300w, https:\/\/www.fliesenlegerbetrieb-blum.de\/wp-content\/uploads\/2023\/03\/vorhernachher-kueche_vorher-1024x768.jpg 1024w, https:\/\/www.fliesenlegerbetrieb-blum.de\/wp-content\/uploads\/2023\/03\/vorhernachher-kueche_vorher.jpg 1500w\" sizes=\"auto, (max-width: 768px) 100vw, 768px\" \/>\t\t\t<img loading=\"lazy\" decoding=\"async\" width=\"768\" height=\"576\" src=\"https:\/\/www.fliesenlegerbetrieb-blum.de\/wp-content\/uploads\/2023\/03\/vorhernachher-kueche_nachher-768x576.jpg\" class=\"attachment-medium_large size-medium_large\" alt=\"\" srcset=\"https:\/\/www.fliesenlegerbetrieb-blum.de\/wp-content\/uploads\/2023\/03\/vorhernachher-kueche_nachher-768x576.jpg 768w, https:\/\/www.fliesenlegerbetrieb-blum.de\/wp-content\/uploads\/2023\/03\/vorhernachher-kueche_nachher-300x225.jpg 300w, https:\/\/www.fliesenlegerbetrieb-blum.de\/wp-content\/uploads\/2023\/03\/vorhernachher-kueche_nachher-1024x768.jpg 1024w, https:\/\/www.fliesenlegerbetrieb-blum.de\/wp-content\/uploads\/2023\/03\/vorhernachher-kueche_nachher.jpg 1500w\" sizes=\"auto, (max-width: 768px) 100vw, 768px\" \/>\t\t<\/div>\r\n<!--  -->\r\n\n\t<div class=\"team-member-box  text-align-left\">\n\t\t<figure>\n\t\t<div class=\"team-image-wrapper reveal-effect masker wow\">\n\t\t\t\n\t\t<\/div>\n\t\t<figcaption>\n\t\t\t<h3>K\u00fcchenspiegel<\/h3>\n\t\t<span class=\"gg-horizontal-line\"><\/span>\n\t\t\t<div class=\"member-description\"><p>&#8222;Dieser Fliesenleger hat einen gro\u00dfartigen Job gemacht, als er unsere K\u00fcchenr\u00fcckwand gefliest hat. Er hat uns sehr gute Vorschl\u00e4ge gemacht und war sehr professionell und zuverl\u00e4ssig. Wir sind mit dem Ergebnis sehr zufrieden und w\u00fcrden ihn jederzeit wieder engagieren.&#8220;<\/p>\n<p>Anna und Stefan K.<\/p>\n<\/div>\n\t\t<\/figcaption>\n\t\t<\/figure>\n\t<\/div> [\/vc_column_inner][vc_column_inner width=&#8220;1\/3&#8243;]\n\t<div class=\"team-member-box  text-align-left\">\n\t\t<figure>\n\t\t<div class=\"team-image-wrapper reveal-effect masker wow\">\n\t\t\t<img loading=\"lazy\" decoding=\"async\" width=\"1201\" height=\"1500\" src=\"https:\/\/www.fliesenlegerbetrieb-blum.de\/wp-content\/uploads\/2023\/02\/8D751642-D9E9-4C59-A17A-13F19EA9079E.jpg\" class=\"vc_single_image-img attachment-full\" alt=\"\" title=\"8D751642-D9E9-4C59-A17A-13F19EA9079E\" srcset=\"https:\/\/www.fliesenlegerbetrieb-blum.de\/wp-content\/uploads\/2023\/02\/8D751642-D9E9-4C59-A17A-13F19EA9079E.jpg 1201w, https:\/\/www.fliesenlegerbetrieb-blum.de\/wp-content\/uploads\/2023\/02\/8D751642-D9E9-4C59-A17A-13F19EA9079E-240x300.jpg 240w, https:\/\/www.fliesenlegerbetrieb-blum.de\/wp-content\/uploads\/2023\/02\/8D751642-D9E9-4C59-A17A-13F19EA9079E-820x1024.jpg 820w, https:\/\/www.fliesenlegerbetrieb-blum.de\/wp-content\/uploads\/2023\/02\/8D751642-D9E9-4C59-A17A-13F19EA9079E-768x959.jpg 768w\" sizes=\"auto, (max-width: 1201px) 100vw, 1201px\" \/>\n\t\t<\/div>\n\t\t<figcaption>\n\t\t\t<h3>Gewerbe<\/h3>\n\t\t<span class=\"gg-horizontal-line\"><\/span>\n\t\t\t<div class=\"member-description\"><p>&#8222;Wir haben unseren Ladenboden von diesem Fliesenleger verlegen lassen und sind mit seiner Arbeit sehr zufrieden. Er hat sehr sauber und pr\u00e4zise gearbeitet und das Ergebnis sieht fantastisch aus. Wir werden ihn auf jeden Fall wieder engagieren, wenn wir in Zukunft Fliesenarbeiten ben\u00f6tigen.&#8220;<\/p>\n<p>Jan F.<\/p>\n<\/div>\n\t\t<\/figcaption>\n\t\t<\/figure>\n\t<\/div> [\/vc_column_inner][\/vc_row_inner][\/vc_column][\/vc_row][vc_row][vc_column][vc_column_text]Ich freue mich, dass ich viele zufriedene Kunden habe und dass ein Gro\u00dfteil meiner Arbeit aus Empfehlungen und positiven Bewertungen resultiert. Wenn Sie mehr \u00fcber meine Arbeit erfahren m\u00f6chten oder ein unverbindliches Angebot w\u00fcnschen, kontaktieren Sie mich bitte. Ich stehe Ihnen gerne zur Verf\u00fcgung.[\/vc_column_text][\/vc_column][\/vc_row]<\/p>\n","protected":false},"excerpt":{"rendered":"<p>[vc_row][vc_column css=&#8220;.vc_custom_1580216206787{padding-right: 0px !important;padding-left: 0px !important;}&#8220;][\/vc_column][\/vc_row][vc_row][vc_column][vc_column_text][\/vc_column_text][\/vc_column][\/vc_row][vc_row][vc_column css=&#8220;.vc_custom_1580216234559{padding-right: 0px !important;padding-left: 0px !important;}&#8220;][vc_row_inner][vc_column_inner width=&#8220;1\/3&#8243;][\/vc_column_inner][vc_column_inner width=&#8220;1\/3&#8243;][\/vc_column_inner][vc_column_inner width=&#8220;1\/3&#8243;][\/vc_column_inner][\/vc_row_inner][\/vc_column][\/vc_row][vc_row][vc_column][vc_column_text]Ich freue mich, dass ich viele zufriedene Kunden habe und dass ein Gro\u00dfteil meiner Arbeit aus Empfehlungen und positiven Bewertungen resultiert. Wenn Sie mehr \u00fcber meine Arbeit erfahren m\u00f6chten oder ein unverbindliches Angebot w\u00fcnschen, kontaktieren Sie mich bitte. Ich stehe Ihnen gerne<\/p>\n<p class=\"more-link-wrapper\"><a class=\"btn btn-primary\" href=\"https:\/\/www.fliesenlegerbetrieb-blum.de\/?page_id=2081\">Read More<\/a><\/p>\n","protected":false},"author":1,"featured_media":0,"parent":2075,"menu_order":0,"comment_status":"closed","ping_status":"closed","template":"","meta":{"footnotes":""},"class_list":["post-2081","page","type-page","status-publish","hentry"],"acf":[],"_links":{"self":[{"href":"https:\/\/www.fliesenlegerbetrieb-blum.de\/index.php?rest_route=\/wp\/v2\/pages\/2081","targetHints":{"allow":["GET"]}}],"collection":[{"href":"https:\/\/www.fliesenlegerbetrieb-blum.de\/index.php?rest_route=\/wp\/v2\/pages"}],"about":[{"href":"https:\/\/www.fliesenlegerbetrieb-blum.de\/index.php?rest_route=\/wp\/v2\/types\/page"}],"author":[{"embeddable":true,"href":"https:\/\/www.fliesenlegerbetrieb-blum.de\/index.php?rest_route=\/wp\/v2\/users\/1"}],"replies":[{"embeddable":true,"href":"https:\/\/www.fliesenlegerbetrieb-blum.de\/index.php?rest_route=%2Fwp%2Fv2%2Fcomments&post=2081"}],"version-history":[{"count":6,"href":"https:\/\/www.fliesenlegerbetrieb-blum.de\/index.php?rest_route=\/wp\/v2\/pages\/2081\/revisions"}],"predecessor-version":[{"id":3901,"href":"https:\/\/www.fliesenlegerbetrieb-blum.de\/index.php?rest_route=\/wp\/v2\/pages\/2081\/revisions\/3901"}],"up":[{"embeddable":true,"href":"https:\/\/www.fliesenlegerbetrieb-blum.de\/index.php?rest_route=\/wp\/v2\/pages\/2075"}],"wp:attachment":[{"href":"https:\/\/www.fliesenlegerbetrieb-blum.de\/index.php?rest_route=%2Fwp%2Fv2%2Fmedia&parent=2081"}],"curies":[{"name":"wp","href":"https:\/\/api.w.org\/{rel}","templated":true}]}}